{"id":438,"date":"2015-10-09T22:03:42","date_gmt":"2015-10-09T22:03:42","guid":{"rendered":"http:\/\/anades.org\/wp\/?page_id=438"},"modified":"2023-10-09T08:27:03","modified_gmt":"2023-10-09T14:27:03","slug":"productos","status":"publish","type":"page","link":"https:\/\/anades.org\/wp\/finca\/productos\/","title":{"rendered":"Productos"},"content":{"rendered":"<h5>La finca produce ecol\u00f3gicamente productos org\u00e1nicos.<\/h5>\n<hr \/>\n<h5><\/h5>\n<p><strong>Caf\u00e9<\/strong><\/p>\n<div id=\"kad-wp-gallery65\" class=\"kad-wp-gallery kad-light-wp-gallery clearfix kt-gallery-column-4 rowtight\"><div class=\"tcol-lg-3 tcol-md-3 tcol-sm-4 tcol-xs-6 tcol-ss-12 g_item\"><div class=\"grid_item kad_gallery_fade_in gallery_item\"><a href=\"https:\/\/i0.wp.com\/anades.org\/wp\/wp-content\/uploads\/2015\/11\/IMG_9527.jpg?fit=1152%2C1728&#038;ssl=1\" data-rel=\"lightbox\" class=\"lightboxhover\"><img fetchpriority=\"high\" decoding=\"async\" src=\"https:\/\/i0.wp.com\/anades.org\/wp\/wp-content\/uploads\/2015\/11\/IMG_9527.jpg?fit=1152%2C1728&#038;ssl=1&#038;resize=300%2C300\" width=\"300\" height=\"300\" alt=\"\" srcset=\"https:\/\/i0.wp.com\/anades.org\/wp\/wp-content\/uploads\/2015\/11\/IMG_9527.jpg?resize=150%2C150&amp;ssl=1 150w, https:\/\/i0.wp.com\/anades.org\/wp\/wp-content\/uploads\/2015\/11\/IMG_9527.jpg?resize=60%2C60&amp;ssl=1 60w, https:\/\/i0.wp.com\/anades.org\/wp\/wp-content\/uploads\/2015\/11\/IMG_9527.jpg?resize=600%2C600&amp;ssl=1 600w, https:\/\/i0.wp.com\/anades.org\/wp\/wp-content\/uploads\/2015\/11\/IMG_9527.jpg?resize=300%2C300&amp;ssl=1 300w, https:\/\/i0.wp.com\/anades.org\/wp\/wp-content\/uploads\/2015\/11\/IMG_9527.jpg?zoom=3&amp;resize=300%2C300&amp;ssl=1 900w\" sizes=\"(max-width: 300px) 100vw, 300px\" class=\"light-dropshaddow\"\/><\/a><\/div><\/div><div class=\"tcol-lg-3 tcol-md-3 tcol-sm-4 tcol-xs-6 tcol-ss-12 g_item\"><div class=\"grid_item kad_gallery_fade_in gallery_item\"><a href=\"https:\/\/i0.wp.com\/anades.org\/wp\/wp-content\/uploads\/2015\/11\/IMG_9525.jpg?fit=1728%2C1152&#038;ssl=1\" data-rel=\"lightbox\" class=\"lightboxhover\"><img decoding=\"async\" src=\"https:\/\/i0.wp.com\/anades.org\/wp\/wp-content\/uploads\/2015\/11\/IMG_9525.jpg?fit=1728%2C1152&#038;ssl=1&#038;resize=300%2C300\" width=\"300\" height=\"300\" alt=\"\" srcset=\"https:\/\/i0.wp.com\/anades.org\/wp\/wp-content\/uploads\/2015\/11\/IMG_9525.jpg?resize=150%2C150&amp;ssl=1 150w, https:\/\/i0.wp.com\/anades.org\/wp\/wp-content\/uploads\/2015\/11\/IMG_9525.jpg?resize=60%2C60&amp;ssl=1 60w, https:\/\/i0.wp.com\/anades.org\/wp\/wp-content\/uploads\/2015\/11\/IMG_9525.jpg?resize=600%2C600&amp;ssl=1 600w, https:\/\/i0.wp.com\/anades.org\/wp\/wp-content\/uploads\/2015\/11\/IMG_9525.jpg?resize=300%2C300&amp;ssl=1 300w, https:\/\/i0.wp.com\/anades.org\/wp\/wp-content\/uploads\/2015\/11\/IMG_9525.jpg?zoom=3&amp;resize=300%2C300&amp;ssl=1 900w\" sizes=\"(max-width: 300px) 100vw, 300px\" class=\"light-dropshaddow\"\/><\/a><\/div><\/div><\/div>\n<p><strong>B\u00e1lsamo<\/strong><\/p>\n<div id=\"kad-wp-gallery63\" class=\"kad-wp-gallery kad-light-wp-gallery clearfix kt-gallery-column-4 rowtight\"><div class=\"tcol-lg-3 tcol-md-3 tcol-sm-4 tcol-xs-6 tcol-ss-12 g_item\"><div class=\"grid_item kad_gallery_fade_in gallery_item\"><a href=\"https:\/\/i0.wp.com\/anades.org\/wp\/wp-content\/uploads\/2015\/11\/IMG_9097.jpg?fit=1728%2C1152&#038;ssl=1\" data-rel=\"lightbox\" class=\"lightboxhover\"><img decoding=\"async\" src=\"https:\/\/i0.wp.com\/anades.org\/wp\/wp-content\/uploads\/2015\/11\/IMG_9097.jpg?fit=1728%2C1152&#038;ssl=1&#038;resize=300%2C300\" width=\"300\" height=\"300\" alt=\"\" srcset=\"https:\/\/i0.wp.com\/anades.org\/wp\/wp-content\/uploads\/2015\/11\/IMG_9097.jpg?resize=150%2C150&amp;ssl=1 150w, https:\/\/i0.wp.com\/anades.org\/wp\/wp-content\/uploads\/2015\/11\/IMG_9097.jpg?resize=60%2C60&amp;ssl=1 60w, https:\/\/i0.wp.com\/anades.org\/wp\/wp-content\/uploads\/2015\/11\/IMG_9097.jpg?resize=600%2C600&amp;ssl=1 600w, https:\/\/i0.wp.com\/anades.org\/wp\/wp-content\/uploads\/2015\/11\/IMG_9097.jpg?resize=300%2C300&amp;ssl=1 300w, https:\/\/i0.wp.com\/anades.org\/wp\/wp-content\/uploads\/2015\/11\/IMG_9097.jpg?zoom=3&amp;resize=300%2C300&amp;ssl=1 900w\" sizes=\"(max-width: 300px) 100vw, 300px\" class=\"light-dropshaddow\"\/><\/a><\/div><\/div><\/div>\n<p><strong>Hortalizas<\/strong><\/p>\n<div id=\"kad-wp-gallery63\" class=\"kad-wp-gallery kad-light-wp-gallery clearfix kt-gallery-column-4 rowtight\"><div class=\"tcol-lg-3 tcol-md-3 tcol-sm-4 tcol-xs-6 tcol-ss-12 g_item\"><div class=\"grid_item kad_gallery_fade_in gallery_item\"><a href=\"https:\/\/i0.wp.com\/anades.org\/wp\/wp-content\/uploads\/2015\/11\/IMG_9330.jpg?fit=1728%2C1152&#038;ssl=1\" data-rel=\"lightbox\" class=\"lightboxhover\"><img loading=\"lazy\" decoding=\"async\" src=\"https:\/\/i0.wp.com\/anades.org\/wp\/wp-content\/uploads\/2015\/11\/IMG_9330.jpg?fit=1728%2C1152&#038;ssl=1&#038;resize=300%2C300\" width=\"300\" height=\"300\" alt=\"\" srcset=\"https:\/\/i0.wp.com\/anades.org\/wp\/wp-content\/uploads\/2015\/11\/IMG_9330.jpg?resize=150%2C150&amp;ssl=1 150w, https:\/\/i0.wp.com\/anades.org\/wp\/wp-content\/uploads\/2015\/11\/IMG_9330.jpg?resize=60%2C60&amp;ssl=1 60w, https:\/\/i0.wp.com\/anades.org\/wp\/wp-content\/uploads\/2015\/11\/IMG_9330.jpg?resize=600%2C600&amp;ssl=1 600w, https:\/\/i0.wp.com\/anades.org\/wp\/wp-content\/uploads\/2015\/11\/IMG_9330.jpg?resize=300%2C300&amp;ssl=1 300w, https:\/\/i0.wp.com\/anades.org\/wp\/wp-content\/uploads\/2015\/11\/IMG_9330.jpg?zoom=3&amp;resize=300%2C300&amp;ssl=1 900w\" sizes=\"(max-width: 300px) 100vw, 300px\" class=\"light-dropshaddow\"\/><\/a><\/div><\/div><div class=\"tcol-lg-3 tcol-md-3 tcol-sm-4 tcol-xs-6 tcol-ss-12 g_item\"><div class=\"grid_item kad_gallery_fade_in gallery_item\"><a href=\"https:\/\/i0.wp.com\/anades.org\/wp\/wp-content\/uploads\/2015\/11\/1382130_588231051234879_1935790096_n1.jpg?fit=960%2C640&#038;ssl=1\" data-rel=\"lightbox\" class=\"lightboxhover\"><img loading=\"lazy\" decoding=\"async\" src=\"https:\/\/i0.wp.com\/anades.org\/wp\/wp-content\/uploads\/2015\/11\/1382130_588231051234879_1935790096_n1.jpg?fit=960%2C640&#038;ssl=1&#038;resize=300%2C300\" width=\"300\" height=\"300\" alt=\"\" srcset=\"https:\/\/i0.wp.com\/anades.org\/wp\/wp-content\/uploads\/2015\/11\/1382130_588231051234879_1935790096_n1.jpg?resize=150%2C150&amp;ssl=1 150w, https:\/\/i0.wp.com\/anades.org\/wp\/wp-content\/uploads\/2015\/11\/1382130_588231051234879_1935790096_n1.jpg?resize=60%2C60&amp;ssl=1 60w, https:\/\/i0.wp.com\/anades.org\/wp\/wp-content\/uploads\/2015\/11\/1382130_588231051234879_1935790096_n1.jpg?resize=600%2C600&amp;ssl=1 600w, https:\/\/i0.wp.com\/anades.org\/wp\/wp-content\/uploads\/2015\/11\/1382130_588231051234879_1935790096_n1.jpg?resize=300%2C300&amp;ssl=1 300w, https:\/\/i0.wp.com\/anades.org\/wp\/wp-content\/uploads\/2015\/11\/1382130_588231051234879_1935790096_n1.jpg?zoom=3&amp;resize=300%2C300&amp;ssl=1 900w\" sizes=\"(max-width: 300px) 100vw, 300px\" class=\"light-dropshaddow\"\/><\/a><\/div><\/div><div class=\"tcol-lg-3 tcol-md-3 tcol-sm-4 tcol-xs-6 tcol-ss-12 g_item\"><div class=\"grid_item kad_gallery_fade_in gallery_item\"><a href=\"https:\/\/i0.wp.com\/anades.org\/wp\/wp-content\/uploads\/2015\/11\/DSC_0943.jpg?fit=1536%2C2304&#038;ssl=1\" data-rel=\"lightbox\" class=\"lightboxhover\"><img loading=\"lazy\" decoding=\"async\" src=\"https:\/\/i0.wp.com\/anades.org\/wp\/wp-content\/uploads\/2015\/11\/DSC_0943.jpg?fit=1536%2C2304&#038;ssl=1&#038;resize=300%2C300\" width=\"300\" height=\"300\" alt=\"\" srcset=\"https:\/\/i0.wp.com\/anades.org\/wp\/wp-content\/uploads\/2015\/11\/DSC_0943.jpg?resize=150%2C150&amp;ssl=1 150w, https:\/\/i0.wp.com\/anades.org\/wp\/wp-content\/uploads\/2015\/11\/DSC_0943.jpg?resize=60%2C60&amp;ssl=1 60w, https:\/\/i0.wp.com\/anades.org\/wp\/wp-content\/uploads\/2015\/11\/DSC_0943.jpg?resize=600%2C600&amp;ssl=1 600w, https:\/\/i0.wp.com\/anades.org\/wp\/wp-content\/uploads\/2015\/11\/DSC_0943.jpg?resize=300%2C300&amp;ssl=1 300w, https:\/\/i0.wp.com\/anades.org\/wp\/wp-content\/uploads\/2015\/11\/DSC_0943.jpg?zoom=3&amp;resize=300%2C300&amp;ssl=1 900w\" sizes=\"(max-width: 300px) 100vw, 300px\" class=\"light-dropshaddow\"\/><\/a><\/div><\/div><div class=\"tcol-lg-3 tcol-md-3 tcol-sm-4 tcol-xs-6 tcol-ss-12 g_item\"><div class=\"grid_item kad_gallery_fade_in gallery_item\"><a href=\"https:\/\/i0.wp.com\/anades.org\/wp\/wp-content\/uploads\/2015\/11\/IMG_9502.jpg?fit=1728%2C1152&#038;ssl=1\" data-rel=\"lightbox\" class=\"lightboxhover\"><img loading=\"lazy\" decoding=\"async\" src=\"https:\/\/i0.wp.com\/anades.org\/wp\/wp-content\/uploads\/2015\/11\/IMG_9502.jpg?fit=1728%2C1152&#038;ssl=1&#038;resize=300%2C300\" width=\"300\" height=\"300\" alt=\"\" srcset=\"https:\/\/i0.wp.com\/anades.org\/wp\/wp-content\/uploads\/2015\/11\/IMG_9502.jpg?resize=150%2C150&amp;ssl=1 150w, https:\/\/i0.wp.com\/anades.org\/wp\/wp-content\/uploads\/2015\/11\/IMG_9502.jpg?resize=60%2C60&amp;ssl=1 60w, https:\/\/i0.wp.com\/anades.org\/wp\/wp-content\/uploads\/2015\/11\/IMG_9502.jpg?resize=600%2C600&amp;ssl=1 600w, https:\/\/i0.wp.com\/anades.org\/wp\/wp-content\/uploads\/2015\/11\/IMG_9502.jpg?resize=300%2C300&amp;ssl=1 300w, https:\/\/i0.wp.com\/anades.org\/wp\/wp-content\/uploads\/2015\/11\/IMG_9502.jpg?zoom=3&amp;resize=300%2C300&amp;ssl=1 900w\" sizes=\"(max-width: 300px) 100vw, 300px\" class=\"light-dropshaddow\"\/><\/a><\/div><\/div><div class=\"tcol-lg-3 tcol-md-3 tcol-sm-4 tcol-xs-6 tcol-ss-12 g_item\"><div class=\"grid_item kad_gallery_fade_in gallery_item\"><a href=\"https:\/\/i0.wp.com\/anades.org\/wp\/wp-content\/uploads\/2015\/11\/IMG_6737.jpg?fit=1728%2C1152&#038;ssl=1\" data-rel=\"lightbox\" class=\"lightboxhover\"><img loading=\"lazy\" decoding=\"async\" src=\"https:\/\/i0.wp.com\/anades.org\/wp\/wp-content\/uploads\/2015\/11\/IMG_6737.jpg?fit=1728%2C1152&#038;ssl=1&#038;resize=300%2C300\" width=\"300\" height=\"300\" alt=\"\" srcset=\"https:\/\/i0.wp.com\/anades.org\/wp\/wp-content\/uploads\/2015\/11\/IMG_6737.jpg?resize=150%2C150&amp;ssl=1 150w, https:\/\/i0.wp.com\/anades.org\/wp\/wp-content\/uploads\/2015\/11\/IMG_6737.jpg?resize=60%2C60&amp;ssl=1 60w, https:\/\/i0.wp.com\/anades.org\/wp\/wp-content\/uploads\/2015\/11\/IMG_6737.jpg?resize=600%2C600&amp;ssl=1 600w, https:\/\/i0.wp.com\/anades.org\/wp\/wp-content\/uploads\/2015\/11\/IMG_6737.jpg?resize=300%2C300&amp;ssl=1 300w, https:\/\/i0.wp.com\/anades.org\/wp\/wp-content\/uploads\/2015\/11\/IMG_6737.jpg?zoom=3&amp;resize=300%2C300&amp;ssl=1 900w\" sizes=\"(max-width: 300px) 100vw, 300px\" class=\"light-dropshaddow\"\/><\/a><\/div><\/div><div class=\"tcol-lg-3 tcol-md-3 tcol-sm-4 tcol-xs-6 tcol-ss-12 g_item\"><div class=\"grid_item kad_gallery_fade_in gallery_item\"><a href=\"https:\/\/i0.wp.com\/anades.org\/wp\/wp-content\/uploads\/2015\/11\/IMG_2743.jpg?fit=1080%2C810&#038;ssl=1\" data-rel=\"lightbox\" class=\"lightboxhover\"><img loading=\"lazy\" decoding=\"async\" src=\"https:\/\/i0.wp.com\/anades.org\/wp\/wp-content\/uploads\/2015\/11\/IMG_2743.jpg?fit=1080%2C810&#038;ssl=1&#038;resize=300%2C300\" width=\"300\" height=\"300\" alt=\"\" srcset=\"https:\/\/i0.wp.com\/anades.org\/wp\/wp-content\/uploads\/2015\/11\/IMG_2743.jpg?resize=150%2C150&amp;ssl=1 150w, https:\/\/i0.wp.com\/anades.org\/wp\/wp-content\/uploads\/2015\/11\/IMG_2743.jpg?resize=60%2C60&amp;ssl=1 60w, https:\/\/i0.wp.com\/anades.org\/wp\/wp-content\/uploads\/2015\/11\/IMG_2743.jpg?resize=600%2C600&amp;ssl=1 600w, https:\/\/i0.wp.com\/anades.org\/wp\/wp-content\/uploads\/2015\/11\/IMG_2743.jpg?resize=300%2C300&amp;ssl=1 300w, https:\/\/i0.wp.com\/anades.org\/wp\/wp-content\/uploads\/2015\/11\/IMG_2743.jpg?zoom=3&amp;resize=300%2C300&amp;ssl=1 900w\" sizes=\"(max-width: 300px) 100vw, 300px\" class=\"light-dropshaddow\"\/><\/a><\/div><\/div><div class=\"tcol-lg-3 tcol-md-3 tcol-sm-4 tcol-xs-6 tcol-ss-12 g_item\"><div class=\"grid_item kad_gallery_fade_in gallery_item\"><a href=\"https:\/\/i0.wp.com\/anades.org\/wp\/wp-content\/uploads\/2015\/11\/IMG_2618.jpg?fit=810%2C1080&#038;ssl=1\" data-rel=\"lightbox\" class=\"lightboxhover\"><img loading=\"lazy\" decoding=\"async\" src=\"https:\/\/i0.wp.com\/anades.org\/wp\/wp-content\/uploads\/2015\/11\/IMG_2618.jpg?fit=810%2C1080&#038;ssl=1&#038;resize=300%2C300\" width=\"300\" height=\"300\" alt=\"\" srcset=\"https:\/\/i0.wp.com\/anades.org\/wp\/wp-content\/uploads\/2015\/11\/IMG_2618.jpg?resize=150%2C150&amp;ssl=1 150w, https:\/\/i0.wp.com\/anades.org\/wp\/wp-content\/uploads\/2015\/11\/IMG_2618.jpg?resize=60%2C60&amp;ssl=1 60w, https:\/\/i0.wp.com\/anades.org\/wp\/wp-content\/uploads\/2015\/11\/IMG_2618.jpg?resize=600%2C600&amp;ssl=1 600w, https:\/\/i0.wp.com\/anades.org\/wp\/wp-content\/uploads\/2015\/11\/IMG_2618.jpg?resize=300%2C300&amp;ssl=1 300w\" sizes=\"(max-width: 300px) 100vw, 300px\" class=\"light-dropshaddow\"\/><\/a><\/div><\/div><div class=\"tcol-lg-3 tcol-md-3 tcol-sm-4 tcol-xs-6 tcol-ss-12 g_item\"><div class=\"grid_item kad_gallery_fade_in gallery_item\"><a href=\"https:\/\/i0.wp.com\/anades.org\/wp\/wp-content\/uploads\/2015\/11\/IMG_2653.jpg?fit=1080%2C810&#038;ssl=1\" data-rel=\"lightbox\" class=\"lightboxhover\"><img loading=\"lazy\" decoding=\"async\" src=\"https:\/\/i0.wp.com\/anades.org\/wp\/wp-content\/uploads\/2015\/11\/IMG_2653.jpg?fit=1080%2C810&#038;ssl=1&#038;resize=300%2C300\" width=\"300\" height=\"300\" alt=\"\" srcset=\"https:\/\/i0.wp.com\/anades.org\/wp\/wp-content\/uploads\/2015\/11\/IMG_2653.jpg?resize=150%2C150&amp;ssl=1 150w, https:\/\/i0.wp.com\/anades.org\/wp\/wp-content\/uploads\/2015\/11\/IMG_2653.jpg?resize=60%2C60&amp;ssl=1 60w, https:\/\/i0.wp.com\/anades.org\/wp\/wp-content\/uploads\/2015\/11\/IMG_2653.jpg?resize=600%2C600&amp;ssl=1 600w, https:\/\/i0.wp.com\/anades.org\/wp\/wp-content\/uploads\/2015\/11\/IMG_2653.jpg?resize=300%2C300&amp;ssl=1 300w, https:\/\/i0.wp.com\/anades.org\/wp\/wp-content\/uploads\/2015\/11\/IMG_2653.jpg?zoom=3&amp;resize=300%2C300&amp;ssl=1 900w\" sizes=\"(max-width: 300px) 100vw, 300px\" class=\"light-dropshaddow\"\/><\/a><\/div><\/div><\/div>\n<p><strong>Frutas de temporadas<\/strong><\/p>\n<div id=\"kad-wp-gallery18\" class=\"kad-wp-gallery kad-light-wp-gallery clearfix kt-gallery-column-4 rowtight\"><div class=\"tcol-lg-3 tcol-md-3 tcol-sm-4 tcol-xs-6 tcol-ss-12 g_item\"><div class=\"grid_item kad_gallery_fade_in gallery_item\"><a href=\"https:\/\/i0.wp.com\/anades.org\/wp\/wp-content\/uploads\/2015\/11\/IMG_9475.jpg?fit=1728%2C1152&#038;ssl=1\" data-rel=\"lightbox\" class=\"lightboxhover\"><img loading=\"lazy\" decoding=\"async\" src=\"https:\/\/i0.wp.com\/anades.org\/wp\/wp-content\/uploads\/2015\/11\/IMG_9475.jpg?fit=1728%2C1152&#038;ssl=1&#038;resize=300%2C300\" width=\"300\" height=\"300\" alt=\"\" srcset=\"https:\/\/i0.wp.com\/anades.org\/wp\/wp-content\/uploads\/2015\/11\/IMG_9475.jpg?resize=150%2C150&amp;ssl=1 150w, https:\/\/i0.wp.com\/anades.org\/wp\/wp-content\/uploads\/2015\/11\/IMG_9475.jpg?resize=60%2C60&amp;ssl=1 60w, https:\/\/i0.wp.com\/anades.org\/wp\/wp-content\/uploads\/2015\/11\/IMG_9475.jpg?resize=600%2C600&amp;ssl=1 600w, https:\/\/i0.wp.com\/anades.org\/wp\/wp-content\/uploads\/2015\/11\/IMG_9475.jpg?resize=300%2C300&amp;ssl=1 300w, https:\/\/i0.wp.com\/anades.org\/wp\/wp-content\/uploads\/2015\/11\/IMG_9475.jpg?zoom=3&amp;resize=300%2C300&amp;ssl=1 900w\" sizes=\"(max-width: 300px) 100vw, 300px\" class=\"light-dropshaddow\"\/><\/a><\/div><\/div><div class=\"tcol-lg-3 tcol-md-3 tcol-sm-4 tcol-xs-6 tcol-ss-12 g_item\"><div class=\"grid_item kad_gallery_fade_in gallery_item\"><a href=\"https:\/\/i0.wp.com\/anades.org\/wp\/wp-content\/uploads\/2015\/11\/IMG_9513.jpg?fit=1728%2C1152&#038;ssl=1\" data-rel=\"lightbox\" class=\"lightboxhover\"><img loading=\"lazy\" decoding=\"async\" src=\"https:\/\/i0.wp.com\/anades.org\/wp\/wp-content\/uploads\/2015\/11\/IMG_9513.jpg?fit=1728%2C1152&#038;ssl=1&#038;resize=300%2C300\" width=\"300\" height=\"300\" alt=\"\" srcset=\"https:\/\/i0.wp.com\/anades.org\/wp\/wp-content\/uploads\/2015\/11\/IMG_9513.jpg?resize=150%2C150&amp;ssl=1 150w, https:\/\/i0.wp.com\/anades.org\/wp\/wp-content\/uploads\/2015\/11\/IMG_9513.jpg?resize=60%2C60&amp;ssl=1 60w, https:\/\/i0.wp.com\/anades.org\/wp\/wp-content\/uploads\/2015\/11\/IMG_9513.jpg?resize=600%2C600&amp;ssl=1 600w, https:\/\/i0.wp.com\/anades.org\/wp\/wp-content\/uploads\/2015\/11\/IMG_9513.jpg?resize=300%2C300&amp;ssl=1 300w, https:\/\/i0.wp.com\/anades.org\/wp\/wp-content\/uploads\/2015\/11\/IMG_9513.jpg?zoom=3&amp;resize=300%2C300&amp;ssl=1 900w\" sizes=\"(max-width: 300px) 100vw, 300px\" class=\"light-dropshaddow\"\/><\/a><\/div><\/div><div class=\"tcol-lg-3 tcol-md-3 tcol-sm-4 tcol-xs-6 tcol-ss-12 g_item\"><div class=\"grid_item kad_gallery_fade_in gallery_item\"><a href=\"https:\/\/i0.wp.com\/anades.org\/wp\/wp-content\/uploads\/2015\/11\/IMG_9494.jpg?fit=1728%2C1152&#038;ssl=1\" data-rel=\"lightbox\" class=\"lightboxhover\"><img loading=\"lazy\" decoding=\"async\" src=\"https:\/\/i0.wp.com\/anades.org\/wp\/wp-content\/uploads\/2015\/11\/IMG_9494.jpg?fit=1728%2C1152&#038;ssl=1&#038;resize=300%2C300\" width=\"300\" height=\"300\" alt=\"\" srcset=\"https:\/\/i0.wp.com\/anades.org\/wp\/wp-content\/uploads\/2015\/11\/IMG_9494.jpg?resize=150%2C150&amp;ssl=1 150w, https:\/\/i0.wp.com\/anades.org\/wp\/wp-content\/uploads\/2015\/11\/IMG_9494.jpg?resize=60%2C60&amp;ssl=1 60w, https:\/\/i0.wp.com\/anades.org\/wp\/wp-content\/uploads\/2015\/11\/IMG_9494.jpg?resize=600%2C600&amp;ssl=1 600w, https:\/\/i0.wp.com\/anades.org\/wp\/wp-content\/uploads\/2015\/11\/IMG_9494.jpg?resize=300%2C300&amp;ssl=1 300w, https:\/\/i0.wp.com\/anades.org\/wp\/wp-content\/uploads\/2015\/11\/IMG_9494.jpg?zoom=3&amp;resize=300%2C300&amp;ssl=1 900w\" sizes=\"(max-width: 300px) 100vw, 300px\" class=\"light-dropshaddow\"\/><\/a><\/div><\/div><div class=\"tcol-lg-3 tcol-md-3 tcol-sm-4 tcol-xs-6 tcol-ss-12 g_item\"><div class=\"grid_item kad_gallery_fade_in gallery_item\"><a href=\"https:\/\/i0.wp.com\/anades.org\/wp\/wp-content\/uploads\/2015\/11\/IMG_9534.jpg?fit=1728%2C1152&#038;ssl=1\" data-rel=\"lightbox\" class=\"lightboxhover\"><img loading=\"lazy\" decoding=\"async\" src=\"https:\/\/i0.wp.com\/anades.org\/wp\/wp-content\/uploads\/2015\/11\/IMG_9534.jpg?fit=1728%2C1152&#038;ssl=1&#038;resize=300%2C300\" width=\"300\" height=\"300\" alt=\"\" srcset=\"https:\/\/i0.wp.com\/anades.org\/wp\/wp-content\/uploads\/2015\/11\/IMG_9534.jpg?resize=150%2C150&amp;ssl=1 150w, https:\/\/i0.wp.com\/anades.org\/wp\/wp-content\/uploads\/2015\/11\/IMG_9534.jpg?resize=60%2C60&amp;ssl=1 60w, https:\/\/i0.wp.com\/anades.org\/wp\/wp-content\/uploads\/2015\/11\/IMG_9534.jpg?resize=600%2C600&amp;ssl=1 600w, https:\/\/i0.wp.com\/anades.org\/wp\/wp-content\/uploads\/2015\/11\/IMG_9534.jpg?resize=300%2C300&amp;ssl=1 300w, https:\/\/i0.wp.com\/anades.org\/wp\/wp-content\/uploads\/2015\/11\/IMG_9534.jpg?zoom=3&amp;resize=300%2C300&amp;ssl=1 900w\" sizes=\"(max-width: 300px) 100vw, 300px\" class=\"light-dropshaddow\"\/><\/a><\/div><\/div><div class=\"tcol-lg-3 tcol-md-3 tcol-sm-4 tcol-xs-6 tcol-ss-12 g_item\"><div class=\"grid_item kad_gallery_fade_in gallery_item\"><a href=\"https:\/\/i0.wp.com\/anades.org\/wp\/wp-content\/uploads\/2015\/11\/IMG_9478.jpg?fit=1728%2C1152&#038;ssl=1\" data-rel=\"lightbox\" class=\"lightboxhover\"><img loading=\"lazy\" decoding=\"async\" src=\"https:\/\/i0.wp.com\/anades.org\/wp\/wp-content\/uploads\/2015\/11\/IMG_9478.jpg?fit=1728%2C1152&#038;ssl=1&#038;resize=300%2C300\" width=\"300\" height=\"300\" alt=\"\" srcset=\"https:\/\/i0.wp.com\/anades.org\/wp\/wp-content\/uploads\/2015\/11\/IMG_9478.jpg?resize=150%2C150&amp;ssl=1 150w, https:\/\/i0.wp.com\/anades.org\/wp\/wp-content\/uploads\/2015\/11\/IMG_9478.jpg?resize=60%2C60&amp;ssl=1 60w, https:\/\/i0.wp.com\/anades.org\/wp\/wp-content\/uploads\/2015\/11\/IMG_9478.jpg?resize=300%2C300&amp;ssl=1 300w, https:\/\/i0.wp.com\/anades.org\/wp\/wp-content\/uploads\/2015\/11\/IMG_9478.jpg?zoom=2&amp;resize=300%2C300&amp;ssl=1 600w, https:\/\/i0.wp.com\/anades.org\/wp\/wp-content\/uploads\/2015\/11\/IMG_9478.jpg?zoom=3&amp;resize=300%2C300&amp;ssl=1 900w\" sizes=\"(max-width: 300px) 100vw, 300px\" class=\"light-dropshaddow\"\/><\/a><\/div><\/div><div class=\"tcol-lg-3 tcol-md-3 tcol-sm-4 tcol-xs-6 tcol-ss-12 g_item\"><div class=\"grid_item kad_gallery_fade_in gallery_item\"><a href=\"https:\/\/i0.wp.com\/anades.org\/wp\/wp-content\/uploads\/2015\/11\/IMG_9488.jpg?fit=1728%2C1152&#038;ssl=1\" data-rel=\"lightbox\" class=\"lightboxhover\"><img loading=\"lazy\" decoding=\"async\" src=\"https:\/\/i0.wp.com\/anades.org\/wp\/wp-content\/uploads\/2015\/11\/IMG_9488.jpg?fit=1728%2C1152&#038;ssl=1&#038;resize=300%2C300\" width=\"300\" height=\"300\" alt=\"\" srcset=\"https:\/\/i0.wp.com\/anades.org\/wp\/wp-content\/uploads\/2015\/11\/IMG_9488.jpg?resize=150%2C150&amp;ssl=1 150w, https:\/\/i0.wp.com\/anades.org\/wp\/wp-content\/uploads\/2015\/11\/IMG_9488.jpg?resize=60%2C60&amp;ssl=1 60w, https:\/\/i0.wp.com\/anades.org\/wp\/wp-content\/uploads\/2015\/11\/IMG_9488.jpg?resize=600%2C600&amp;ssl=1 600w, https:\/\/i0.wp.com\/anades.org\/wp\/wp-content\/uploads\/2015\/11\/IMG_9488.jpg?resize=300%2C300&amp;ssl=1 300w, https:\/\/i0.wp.com\/anades.org\/wp\/wp-content\/uploads\/2015\/11\/IMG_9488.jpg?zoom=3&amp;resize=300%2C300&amp;ssl=1 900w\" sizes=\"(max-width: 300px) 100vw, 300px\" class=\"light-dropshaddow\"\/><\/a><\/div><\/div><div class=\"tcol-lg-3 tcol-md-3 tcol-sm-4 tcol-xs-6 tcol-ss-12 g_item\"><div class=\"grid_item kad_gallery_fade_in gallery_item\"><a href=\"https:\/\/i0.wp.com\/anades.org\/wp\/wp-content\/uploads\/2015\/11\/IMG_9430.jpg?fit=1728%2C1152&#038;ssl=1\" data-rel=\"lightbox\" class=\"lightboxhover\"><img loading=\"lazy\" decoding=\"async\" src=\"https:\/\/i0.wp.com\/anades.org\/wp\/wp-content\/uploads\/2015\/11\/IMG_9430.jpg?fit=1728%2C1152&#038;ssl=1&#038;resize=300%2C300\" width=\"300\" height=\"300\" alt=\"\" srcset=\"https:\/\/i0.wp.com\/anades.org\/wp\/wp-content\/uploads\/2015\/11\/IMG_9430.jpg?resize=150%2C150&amp;ssl=1 150w, https:\/\/i0.wp.com\/anades.org\/wp\/wp-content\/uploads\/2015\/11\/IMG_9430.jpg?resize=60%2C60&amp;ssl=1 60w, https:\/\/i0.wp.com\/anades.org\/wp\/wp-content\/uploads\/2015\/11\/IMG_9430.jpg?resize=600%2C600&amp;ssl=1 600w, https:\/\/i0.wp.com\/anades.org\/wp\/wp-content\/uploads\/2015\/11\/IMG_9430.jpg?resize=300%2C300&amp;ssl=1 300w, https:\/\/i0.wp.com\/anades.org\/wp\/wp-content\/uploads\/2015\/11\/IMG_9430.jpg?zoom=3&amp;resize=300%2C300&amp;ssl=1 900w\" sizes=\"(max-width: 300px) 100vw, 300px\" class=\"light-dropshaddow\"\/><\/a><\/div><\/div><\/div>\n<p><strong>Miel de abeja<\/strong><\/p>\n<div id=\"kad-wp-gallery41\" class=\"kad-wp-gallery kad-light-wp-gallery clearfix kt-gallery-column-4 rowtight\"><div class=\"tcol-lg-3 tcol-md-3 tcol-sm-4 tcol-xs-6 tcol-ss-12 g_item\"><div class=\"grid_item kad_gallery_fade_in gallery_item\"><a href=\"https:\/\/i0.wp.com\/anades.org\/wp\/wp-content\/uploads\/2015\/11\/DSCF2855.jpg?fit=1536%2C864&#038;ssl=1\" data-rel=\"lightbox\" class=\"lightboxhover\"><img loading=\"lazy\" decoding=\"async\" src=\"https:\/\/i0.wp.com\/anades.org\/wp\/wp-content\/uploads\/2015\/11\/DSCF2855.jpg?fit=1536%2C864&#038;ssl=1&#038;resize=300%2C300\" width=\"300\" height=\"300\" alt=\"\" srcset=\"https:\/\/i0.wp.com\/anades.org\/wp\/wp-content\/uploads\/2015\/11\/DSCF2855.jpg?resize=150%2C150&amp;ssl=1 150w, https:\/\/i0.wp.com\/anades.org\/wp\/wp-content\/uploads\/2015\/11\/DSCF2855.jpg?resize=60%2C60&amp;ssl=1 60w, https:\/\/i0.wp.com\/anades.org\/wp\/wp-content\/uploads\/2015\/11\/DSCF2855.jpg?resize=600%2C600&amp;ssl=1 600w, https:\/\/i0.wp.com\/anades.org\/wp\/wp-content\/uploads\/2015\/11\/DSCF2855.jpg?resize=300%2C300&amp;ssl=1 300w, https:\/\/i0.wp.com\/anades.org\/wp\/wp-content\/uploads\/2015\/11\/DSCF2855.jpg?zoom=3&amp;resize=300%2C300&amp;ssl=1 900w\" sizes=\"(max-width: 300px) 100vw, 300px\" class=\"light-dropshaddow\"\/><\/a><\/div><\/div><div class=\"tcol-lg-3 tcol-md-3 tcol-sm-4 tcol-xs-6 tcol-ss-12 g_item\"><div class=\"grid_item kad_gallery_fade_in gallery_item\"><a href=\"https:\/\/i0.wp.com\/anades.org\/wp\/wp-content\/uploads\/2015\/11\/DSCF2850.jpg?fit=1536%2C864&#038;ssl=1\" data-rel=\"lightbox\" class=\"lightboxhover\"><img loading=\"lazy\" decoding=\"async\" src=\"https:\/\/i0.wp.com\/anades.org\/wp\/wp-content\/uploads\/2015\/11\/DSCF2850.jpg?fit=1536%2C864&#038;ssl=1&#038;resize=300%2C300\" width=\"300\" height=\"300\" alt=\"\" srcset=\"https:\/\/i0.wp.com\/anades.org\/wp\/wp-content\/uploads\/2015\/11\/DSCF2850.jpg?resize=150%2C150&amp;ssl=1 150w, https:\/\/i0.wp.com\/anades.org\/wp\/wp-content\/uploads\/2015\/11\/DSCF2850.jpg?resize=60%2C60&amp;ssl=1 60w, https:\/\/i0.wp.com\/anades.org\/wp\/wp-content\/uploads\/2015\/11\/DSCF2850.jpg?resize=600%2C600&amp;ssl=1 600w, https:\/\/i0.wp.com\/anades.org\/wp\/wp-content\/uploads\/2015\/11\/DSCF2850.jpg?resize=300%2C300&amp;ssl=1 300w, https:\/\/i0.wp.com\/anades.org\/wp\/wp-content\/uploads\/2015\/11\/DSCF2850.jpg?zoom=3&amp;resize=300%2C300&amp;ssl=1 900w\" sizes=\"(max-width: 300px) 100vw, 300px\" class=\"light-dropshaddow\"\/><\/a><\/div><\/div><div class=\"tcol-lg-3 tcol-md-3 tcol-sm-4 tcol-xs-6 tcol-ss-12 g_item\"><div class=\"grid_item kad_gallery_fade_in gallery_item\"><a href=\"https:\/\/i0.wp.com\/anades.org\/wp\/wp-content\/uploads\/2015\/11\/DSCF2856.jpg?fit=1536%2C864&#038;ssl=1\" data-rel=\"lightbox\" class=\"lightboxhover\"><img loading=\"lazy\" decoding=\"async\" src=\"https:\/\/i0.wp.com\/anades.org\/wp\/wp-content\/uploads\/2015\/11\/DSCF2856.jpg?fit=1536%2C864&#038;ssl=1&#038;resize=300%2C300\" width=\"300\" height=\"300\" alt=\"\" srcset=\"https:\/\/i0.wp.com\/anades.org\/wp\/wp-content\/uploads\/2015\/11\/DSCF2856.jpg?resize=150%2C150&amp;ssl=1 150w, https:\/\/i0.wp.com\/anades.org\/wp\/wp-content\/uploads\/2015\/11\/DSCF2856.jpg?resize=60%2C60&amp;ssl=1 60w, https:\/\/i0.wp.com\/anades.org\/wp\/wp-content\/uploads\/2015\/11\/DSCF2856.jpg?resize=600%2C600&amp;ssl=1 600w, https:\/\/i0.wp.com\/anades.org\/wp\/wp-content\/uploads\/2015\/11\/DSCF2856.jpg?resize=300%2C300&amp;ssl=1 300w, https:\/\/i0.wp.com\/anades.org\/wp\/wp-content\/uploads\/2015\/11\/DSCF2856.jpg?zoom=3&amp;resize=300%2C300&amp;ssl=1 900w\" sizes=\"(max-width: 300px) 100vw, 300px\" class=\"light-dropshaddow\"\/><\/a><\/div><\/div><\/div>\n","protected":false},"excerpt":{"rendered":"<p>La finca produce ecol\u00f3gicamente productos org\u00e1nicos. Caf\u00e9 B\u00e1lsamo Hortalizas Frutas de temporadas Miel de abeja<\/p>\n","protected":false},"author":1,"featured_media":0,"parent":56,"menu_order":0,"comment_status":"closed","ping_status":"closed","template":"","meta":{"kt_blocks_editor_width":"","footnotes":""},"class_list":["post-438","page","type-page","status-publish","hentry"],"jetpack_sharing_enabled":true,"_links":{"self":[{"href":"https:\/\/anades.org\/wp\/wp-json\/wp\/v2\/pages\/438","targetHints":{"allow":["GET"]}}],"collection":[{"href":"https:\/\/anades.org\/wp\/wp-json\/wp\/v2\/pages"}],"about":[{"href":"https:\/\/anades.org\/wp\/wp-json\/wp\/v2\/types\/page"}],"author":[{"embeddable":true,"href":"https:\/\/anades.org\/wp\/wp-json\/wp\/v2\/users\/1"}],"replies":[{"embeddable":true,"href":"https:\/\/anades.org\/wp\/wp-json\/wp\/v2\/comments?post=438"}],"version-history":[{"count":1,"href":"https:\/\/anades.org\/wp\/wp-json\/wp\/v2\/pages\/438\/revisions"}],"predecessor-version":[{"id":1976,"href":"https:\/\/anades.org\/wp\/wp-json\/wp\/v2\/pages\/438\/revisions\/1976"}],"up":[{"embeddable":true,"href":"https:\/\/anades.org\/wp\/wp-json\/wp\/v2\/pages\/56"}],"wp:attachment":[{"href":"https:\/\/anades.org\/wp\/wp-json\/wp\/v2\/media?parent=438"}],"curies":[{"name":"wp","href":"https:\/\/api.w.org\/{rel}","templated":true}]}}