{"id":11,"date":"2015-10-07T17:30:44","date_gmt":"2015-10-07T17:30:44","guid":{"rendered":"http:\/\/anades.org\/wp\/?page_id=11"},"modified":"2015-11-03T22:27:32","modified_gmt":"2015-11-03T22:27:32","slug":"informacion-de-contexto","status":"publish","type":"page","link":"https:\/\/anades.org\/wp\/nosotras\/informacion-de-contexto\/","title":{"rendered":"Informaci\u00f3n de contexto"},"content":{"rendered":"<h5><em>El Salvador esta considerado como un pa\u00eds de renta media.\u00a0Sin embargo es uno de los pa\u00edses de Am\u00e9rica Latina que cuenta con un \u00edndice mas alto de inequidad en la distribuci\u00f3n de la riqueza y consecuentemente, con pocas oportunidades de bienestar y desarrollo de la mayor\u00eda de los sectores sociales, afectando significativamente a las \u00e1reas rurales.<\/em><\/h5>\n<hr \/>\n<div class=\"row\"> <div class=\"col-md-6\">\n<p>Mujeres y hombres se ven obligadas a marcharse del pa\u00eds con el prop\u00f3sito de mejorar la situaci\u00f3n econ\u00f3mica familiar, cada vez m\u00e1s deteriorada, siendo este un indicador que nos muestra que el actual sistema socio econ\u00f3mico ha sido un fracaso, las medidas econ\u00f3micas generadas e impulsadas por el gobierno salvadore\u00f1o no han sido capaces de resolver necesidades b\u00e1sicas de miles de familias salvadore\u00f1as, oblig\u00e1ndolas a emigrar, muchos de los salvadore\u00f1os tambi\u00e9n desempleados, desaparecidos en los Estados Unidos o en su trayecto.<\/p>\n<p>Uno de los problemas graves que sufren las familias es la falta de trabajo formal (con prestaciones sociales), los salarios actuales son bajos y no cubre la canasta ampliada para vivir dignamente. El salario m\u00ednimo en la ciudad es de $167.10 d\u00f3lares para las personas que trabajan en maquilas, un alto porcentaje son mujeres que se ven sometidas a presiones, ultrajes y violaci\u00f3n a sus elementales derechos laborales. En la industria, es de $188.10 d\u00f3lares mensuales; mientras que en el \u00e1rea rural el salario m\u00ednimo en el campo es de $89.00 d\u00f3lares al mes.<\/p>\n<p>El costo de la canasta b\u00e1sica urbana, seg\u00fan el gobierno es de $166.56 d\u00f3lares, mientras que el costo de canasta b\u00e1sica rural es de $126.72 d\u00f3lares. La canasta b\u00e1sica solo incluye los alimentos que la poblaci\u00f3n necesita consumir diariamente para poder subsistir. Estos son: arroz, frijoles, tortillas, az\u00facar, sal, leche, huevos, aceite, carne, hortalizas y frutas.\u00a0La canasta de mercado es lo que una familia promedio de cuatro personas necesita para vivir\u00a0$754.80 d\u00f3lares. Datos oficiales reflejan que en lo que va del a\u00f1o el promedio de inflaci\u00f3n en los alimentos a alcanzado 15.9%.<\/p>\n<\/div><div class=\"col-md-6\">\n<p>La mayor preocupaci\u00f3n del pueblo es el alto costo de la vida, encarecimiento de la canasta b\u00e1sica, a la cual se le continua aplicando el impuesto del IVA (13%), y una serie de aranceles impuestos por el gobierno a la importaci\u00f3n de granos b\u00e1sicos, lo que los convierte en productos menos accesibles a la poblaci\u00f3n repercutiendo en su calidad de vida y condiciones de salud, sobre todo en la poblaci\u00f3n infantil que se encuentra en alg\u00fan grado de desnutrici\u00f3n infantil.<\/p>\n<p>Seg\u00fan la sede central del Programa Mundial de Alimentos de las Naciones Unidas en marzo del 2008 entrega un informe en donde se hace \u00e9nfasis que en El Salvador los alimentos de la canasta b\u00e1sica han subido un 50% en comparaci\u00f3n con los precios de hace tres a\u00f1os, siendo adem\u00e1s uno de los pocos pa\u00edses en la regi\u00f3n que no tiene pol\u00edticas de estado que estimulen la producci\u00f3n agr\u00edcola, dependiendo casi en su totalidad de la importaci\u00f3n de alimentos entre ellos, el frijol, arroz, harina, productos l\u00e1cteos. A esto hay que agregarle otro elemento, tenemos una econom\u00eda dolarizada y que dependemos del d\u00f3lar Estadounidense, por lo que estamos en condici\u00f3n de mayor vulnerabilidad, en comparaci\u00f3n con otros pa\u00edses de la regi\u00f3n que no tienen el d\u00f3lar como moneda nacional.<\/p>\n<p>La pobreza continua acentu\u00e1ndose en el pa\u00eds y son afectadas por la inseguridad alimentaria, las personas que est\u00e1n en condiciones de extrema pobreza seg\u00fan el gobierno alcanza los 670 mil 107, ellas sobreviven con menos de un d\u00f3lar al d\u00eda, mientras que en pobreza relativa alcanza a otros: 1 mill\u00f3n 479 mil 819 de personas que sobreviven con menos de dos d\u00f3lares al d\u00eda.<\/p>\n<\/div><\/div>\n<p>&nbsp;<\/p>\n<p>&nbsp;<\/p>\n","protected":false},"excerpt":{"rendered":"<p>El Salvador esta considerado como un pa\u00eds de renta media.\u00a0Sin embargo es uno de los pa\u00edses de Am\u00e9rica Latina que cuenta con un \u00edndice mas alto de inequidad en la distribuci\u00f3n de la riqueza y consecuentemente, con pocas oportunidades de &hellip; <a href=\"https:\/\/anades.org\/wp\/nosotras\/informacion-de-contexto\/\">Leer m\u00e1s<\/a><\/p>\n","protected":false},"author":1,"featured_media":0,"parent":7,"menu_order":0,"comment_status":"closed","ping_status":"closed","template":"","meta":{"kt_blocks_editor_width":"","footnotes":""},"class_list":["post-11","page","type-page","status-publish","hentry"],"jetpack_sharing_enabled":true,"_links":{"self":[{"href":"https:\/\/anades.org\/wp\/wp-json\/wp\/v2\/pages\/11","targetHints":{"allow":["GET"]}}],"collection":[{"href":"https:\/\/anades.org\/wp\/wp-json\/wp\/v2\/pages"}],"about":[{"href":"https:\/\/anades.org\/wp\/wp-json\/wp\/v2\/types\/page"}],"author":[{"embeddable":true,"href":"https:\/\/anades.org\/wp\/wp-json\/wp\/v2\/users\/1"}],"replies":[{"embeddable":true,"href":"https:\/\/anades.org\/wp\/wp-json\/wp\/v2\/comments?post=11"}],"version-history":[{"count":1,"href":"https:\/\/anades.org\/wp\/wp-json\/wp\/v2\/pages\/11\/revisions"}],"predecessor-version":[{"id":521,"href":"https:\/\/anades.org\/wp\/wp-json\/wp\/v2\/pages\/11\/revisions\/521"}],"up":[{"embeddable":true,"href":"https:\/\/anades.org\/wp\/wp-json\/wp\/v2\/pages\/7"}],"wp:attachment":[{"href":"https:\/\/anades.org\/wp\/wp-json\/wp\/v2\/media?parent=11"}],"curies":[{"name":"wp","href":"https:\/\/api.w.org\/{rel}","templated":true}]}}